{"id":10,"date":"2015-11-04T01:33:15","date_gmt":"2015-11-04T00:33:15","guid":{"rendered":"http:\/\/recherchesdanse.imaginaflamenco.com\/?page_id=10"},"modified":"2019-01-21T15:15:26","modified_gmt":"2019-01-21T14:15:26","slug":"agenda-danse-colloques-rencontres-seminaires","status":"publish","type":"page","link":"https:\/\/recherchesdanse.imaginaflamenco.com\/index.php\/agenda-danse-colloques-rencontres-seminaires\/","title":{"rendered":"Agenda"},"content":{"rendered":"<h4>2019<\/h4>\n<p>. Mai 2019 [15 et 16] :\u00a0COLLOQUE \u00ab\u00a0CR\u00c9ER POUR \u00c9DUQUER. LA PLACE DE LA TRANSDISCIPLINARIT\u00c9, UNE \u00c9DUCATION D\u00c9MOCRATIQUE PAR LES ARTS\u00a0\u00bb? (2nd \u00e9dition) : A. Arnaud-Bestieu, membre du Comit\u00e9 Scientifique &#8211;\u00a0 \u00e0 l\u2019initiative des membres du programme \u00ab Le geste cr\u00e9atif et l\u2019activit\u00e9 formative \u00bb (GCAF) de l\u2019EA 4671 ADEF et de l\u2019ESPE d\u2019Aix Marseille Universit\u00e9 | <a href=\"http:\/\/reseau-espe.fr\/appel-communication-du-2e-colloque-creer-pour-eduquer-la-place-de-la-transdisciplinarite-une\" target=\"_blank\" rel=\"noopener\">Vers l&rsquo;appel \u00e0 communication (date limite 28 janvier 2019)<\/a><\/p>\n<h4>2018<\/h4>\n<p style=\"text-align: left;\">. Avril 2018 [11\/12\/13] :\u00a0COLLOQUE SFERE-PROVENCE 2018 \u00ab Apprentissage et \u00c9ducation \u00bb Conditions, contextes et innovations pour la r\u00e9ussite scolaire, universitaire et professionnelle : A. Arnaud-Bestieu, Danse, exp\u00e9rience corporelle et savoirs g\u00e9om\u00e9triques &#8211; Aix-Marseille Universit\u00e9 (AMU)<\/p>\n<p style=\"text-align: left;\">. Avril 2018 [3 et 4] :\u00a0Colloque international du projet Emprunt\/empreinte. Entre traces et r\u00e9f\u00e9rences \/\u00ab Cr\u00e9er pour \u00e9duquer. La place de la transdisciplinarit\u00e9 \u00bb : A. Arnaud-Bestieu, membre du Comit\u00e9 scientifique &#8211; ESPE d\u2019Aix-Marseille Universit\u00e9 en collaboration avec :\u00a0Le Centre d\u2019Arts Fernand L\u00e9ger de Port de Bouc ;\u00a0L\u2019ESPE d\u2019Aix-en-Provence ;\u00a0Le Ballet National de Marseille ;\u00a0Le GMEM Centre National de Cr\u00e9ation Musicale de Marseille<\/p>\n<h4>2016<\/h4>\n<p>. Octobre 2016 [16] :\u00a0Journ\u00e9e d\u2019\u00e9tude \u00ab\u00a0L\u2019enseignement des arts \u00e0 l\u2019\u00c9cole : les formes de l\u2019exp\u00e9rience esth\u00e9tique\u00a0\u00bb : A. Arnaud-Bestieu,\u00a0Une exp\u00e9rience esth\u00e9tique du mouvement : de la pratique corporelle \u00e0 la formation du spectateur &#8211;\u00a0ESPE d\u2019Aix-Marseille Universit\u00e9, EA 4671 ADEF \u2013 ERGAPE, en collaboration avec le projet ALf\u00e9ART de l\u2019ENS de Lyon-If\u00e9<\/p>\n<p>. Mars 2016 [2 et 3] : Colloque \u00ab\u00a0Projets artistiques, enseignements artistiques, pratiques artistiques\u00a0\u00bb &#8211; Universit\u00e9 de Lyon<\/p>\n<h4>2015<\/h4>\n<p>. Novembre 2015 [20\/21\/22] : Alexandra Arnaud-Bestieu est intervenante lors du Colloque Traditions en mouvements, organis\u00e9 par l\u2019Universit\u00e9 de Nice Sophia Antipolis au sein du <em>Festival International de Danse de Cannes<\/em> ; lieu : Le Palais des Festivals.<\/p>\n<p>. Juin 2015 : Colloque \u00ab\u00a0Activit\u00e9s de l&rsquo;enseignant d\u00e9butant et activit\u00e9s pour d\u00e9buter\u00a0\u00bb : A. Arnaud-Bestieu,\u00a0Dimensions prax\u00e9ologiques du pouvoir d&rsquo;agir de l&rsquo;enseignant d\u00e9butant &#8211; Analyse d&rsquo;un cas en danse \u00e0 l&rsquo;\u00e9cole \u00e9l\u00e9mentaire &#8211;\u00a0Universit\u00e9 de Nantes \/ ESPE de l\u2019acad\u00e9mie de Nantes \/ le CREN<\/p>\n<h4>2014<\/h4>\n<p>. Septembre 2014 : Alexandra Arnaud-Bestieu devient Ma\u00eetre de Conf\u00e9rences en Sciences de l\u2019Education (sp\u00e9cialit\u00e9 : Didactique) \u2013 ESPE Aix-Marseille Universit\u00e9 (AMU).<\/p>\n<h4>2013<\/h4>\n<p>. Janvier 2013 [17\/18] : Colloque international et transdisciplinaire : gestes et mouvements \u00e0 l\u2019\u0153uvre, une question danse-musique : A. Arnaud-Bestieu,\u00a0De la musicalit\u00e9 percussive et gestuelle \u00e0 la d\u00e9finition stylistique dans l&rsquo;univers <em>flamenco<\/em>\u00a0&#8211; Universit\u00e9 Paris VIII.<\/p>\n<p>. Janvier 2013 :\u00a0Colloque international de Didactique Compar\u00e9e, Savoirs, comp\u00e9tences : Arnaud-Bestieu, A. et Mangeant E., Savoirs techniques et transpositions institutionnelles : une \u00e9tude de cas sur la notion de comp\u00e9tences en danse et en escalade &#8211; Aix-Marseille Universit\u00e9 \/ ARCD<\/p>\n<h4>2012<\/h4>\n<p>. Juillet 2012 [3\/4\/5\/6] : Symposium Universitaire France\/Qu\u00e9bec pour la Biennale du CNAM (Centre National des Arts et M\u00e9tiers) \/ D\u00e9partement de danse de l\u2019Universit\u00e9 du Qu\u00e9bec \u00e0 Montr\u00e9al | La transmission en danse : construire les savoirs, les pratiques et les traces chor\u00e9graphiques \u2013 Paris : <a href=\"http:\/\/compagnie.imaginaflamenco.com\/wp-content\/uploads\/2015\/11\/Programme-Symposium-Didactique-Danse-CNAM-juin-2012.pdf\" target=\"_blank\" rel=\"noopener\">Didactique Danse CNAM 2012<\/a><\/p>\n","protected":false},"excerpt":{"rendered":"<p>2019 . Mai 2019 [15 et 16] :\u00a0COLLOQUE \u00ab\u00a0CR\u00c9ER POUR \u00c9DUQUER. LA PLACE DE LA TRANSDISCIPLINARIT\u00c9, UNE \u00c9DUCATION D\u00c9MOCRATIQUE PAR LES ARTS\u00a0\u00bb? (2nd \u00e9dition) : A. Arnaud-Bestieu, membre du Comit\u00e9 Scientifique &#8211;\u00a0 \u00e0 l\u2019initiative des membres du programme \u00ab Le &hellip; <a href=\"https:\/\/recherchesdanse.imaginaflamenco.com\/index.php\/agenda-danse-colloques-rencontres-seminaires\/\">Continue la lecture <span class=\"meta-nav\">&rarr;<\/span><\/a><\/p>\n","protected":false},"author":1,"featured_media":0,"parent":0,"menu_order":0,"comment_status":"closed","ping_status":"closed","template":"","meta":{"footnotes":""},"class_list":["post-10","page","type-page","status-publish","hentry"],"aioseo_notices":[],"_links":{"self":[{"href":"https:\/\/recherchesdanse.imaginaflamenco.com\/index.php\/wp-json\/wp\/v2\/pages\/10","targetHints":{"allow":["GET"]}}],"collection":[{"href":"https:\/\/recherchesdanse.imaginaflamenco.com\/index.php\/wp-json\/wp\/v2\/pages"}],"about":[{"href":"https:\/\/recherchesdanse.imaginaflamenco.com\/index.php\/wp-json\/wp\/v2\/types\/page"}],"author":[{"embeddable":true,"href":"https:\/\/recherchesdanse.imaginaflamenco.com\/index.php\/wp-json\/wp\/v2\/users\/1"}],"replies":[{"embeddable":true,"href":"https:\/\/recherchesdanse.imaginaflamenco.com\/index.php\/wp-json\/wp\/v2\/comments?post=10"}],"version-history":[{"count":10,"href":"https:\/\/recherchesdanse.imaginaflamenco.com\/index.php\/wp-json\/wp\/v2\/pages\/10\/revisions"}],"predecessor-version":[{"id":77,"href":"https:\/\/recherchesdanse.imaginaflamenco.com\/index.php\/wp-json\/wp\/v2\/pages\/10\/revisions\/77"}],"wp:attachment":[{"href":"https:\/\/recherchesdanse.imaginaflamenco.com\/index.php\/wp-json\/wp\/v2\/media?parent=10"}],"curies":[{"name":"wp","href":"https:\/\/api.w.org\/{rel}","templated":true}]}}